{"id":26,"date":"2016-02-12T08:13:33","date_gmt":"2016-02-12T08:13:33","guid":{"rendered":"http:\/\/demos.famethemes.com\/onepress\/?page_id=26"},"modified":"2021-07-27T12:46:53","modified_gmt":"2021-07-27T10:46:53","slug":"obsluga-bhp","status":"publish","type":"page","link":"https:\/\/adr-info.pl\/index.php\/obsluga-bhp\/","title":{"rendered":"Obs\u0142uga BHP"},"content":{"rendered":"<p><img loading=\"lazy\" decoding=\"async\" class=\"wp-image-1489 size-medium alignright\" src=\"https:\/\/adr-info.pl\/wp-content\/uploads\/2016\/02\/42-300x189.jpg\" alt=\"\" width=\"300\" height=\"189\" srcset=\"https:\/\/adr-info.pl\/wp-content\/uploads\/2016\/02\/42-300x189.jpg 300w, https:\/\/adr-info.pl\/wp-content\/uploads\/2016\/02\/42-480x300.jpg 480w, https:\/\/adr-info.pl\/wp-content\/uploads\/2016\/02\/42-640x400.jpg 640w, https:\/\/adr-info.pl\/wp-content\/uploads\/2016\/02\/42.jpg 646w\" sizes=\"auto, (max-width: 300px) 100vw, 300px\" \/>Zajmujemy si\u0119 kompleksow\u0105 i profesjonaln\u0105 obs\u0142ug\u0105 firm w zakresie s\u0142u\u017cby BHP. Nawi\u0105zuj\u0105c wsp\u00f3\u0142prac\u0119 z nami, gwarantuj\u0105 Pa\u0144stwo swojej firmie wykonanie zada\u0144 wynikaj\u0105cych z Kodeksu Pracy oraz Rozporz\u0105dzenia Rady Ministr\u00f3w z\u00a0dnia 2\u00a0wrze\u015bnia 1997 r. w\u00a0sprawie s\u0142u\u017cby bezpiecze\u0144stwa i\u00a0higieny pracy (Dz. U. z\u00a0dnia 18 wrze\u015bnia 1997 r.).<\/p>\n<p>Nasze us\u0142ugi obejmuj\u0105 mi\u0119dzy innymi:<\/p>\n<ul>\n<li>prowadzenie szkole\u0144 wst\u0119pnych i okresowych<\/li>\n<li>audyty wst\u0119pne stanu BHP<\/li>\n<li>post\u0119powania powypadkowe\/dokumentacja, rejestry, sprawozdania, zalecenia<\/li>\n<li>oceny ryzyka zawodowego na stanowiskach pracy wraz z zespo\u0142em powo\u0142anym do tego zadania (art. 226 Kodeksu Pracy)<\/li>\n<li>reprezentowanie klienta w przypadku kontroli np. PIP i PIS<\/li>\n<li>przeprowadzanie kontroli warunk\u00f3w pracy oraz przestrzegania przepis\u00f3w i zasad bezpiecze\u0144stwa pracy<\/li>\n<li>nadz\u00f3r nad badaniami \u015brodowiska pracy<\/li>\n<li>doradztwo w zakresie organizacji i metod pracy na stanowiskach pracy, na kt\u00f3rych wyst\u0119puj\u0105 czynniki niebezpieczne lub szkodliwe dla zdrowia<\/li>\n<li>pomoc w doborze najw\u0142a\u015bciwszych \u015brodk\u00f3w ochrony zbiorowej i indywidualnej<\/li>\n<li>wykonywanie tabel norm przydzia\u0142u odzie\u017cy roboczej i \u015brodk\u00f3w ochrony indywidualnej<\/li>\n<li>przeprowadzanie okresowych analiz o stanie bezpiecze\u0144stwa i higieny pracy w firmie<\/li>\n<li>doradztwo i sprzeda\u017c \u015brodk\u00f3w ochrony indywidualnej, sprz\u0119tu ga\u015bniczego, instrukcji bhp i p.po\u017c. (znaki ewakuacyjne, instrukcje po\u017carowe itp).<\/li>\n<\/ul>\n<p>Us\u0142ugi wykonujemy w ramach:<\/p>\n<ul>\n<li>sta\u0142ej umowy o wsp\u00f3\u0142pracy<\/li>\n<li>jednorazowych zlece\u0144<\/li>\n<\/ul>\n<p>Zapraszamy do <a href=\"https:\/\/adr-info.pl\/#kontakt\">kontaktu<\/a> w celu uzyskania szczeg\u00f3\u0142owych informacji.<\/p>\n","protected":false},"excerpt":{"rendered":"<p>Zajmujemy si\u0119 kompleksow\u0105 i profesjonaln\u0105 obs\u0142ug\u0105 firm w zakresie s\u0142u\u017cby BHP<br \/>\n<font color=\"teal\">kliknij po wi\u0119cej informacji<\/font><\/p>\n","protected":false},"author":1,"featured_media":0,"parent":0,"menu_order":0,"comment_status":"closed","ping_status":"closed","template":"","meta":{"footnotes":""},"class_list":["post-26","page","type-page","status-publish","hentry"],"yoast_head":"<!-- This site is optimized with the Yoast SEO plugin v27.1.1 - https:\/\/yoast.com\/product\/yoast-seo-wordpress\/ -->\n<title>Obs\u0142uga BHP - profesjonalna obs\u0142uga fim i instytucji.<\/title>\n<meta name=\"robots\" content=\"index, follow, max-snippet:-1, max-image-preview:large, max-video-preview:-1\" \/>\n<link rel=\"canonical\" href=\"https:\/\/adr-info.pl\/index.php\/obsluga-bhp\/\" \/>\n<meta property=\"og:locale\" content=\"pl_PL\" \/>\n<meta property=\"og:type\" content=\"article\" \/>\n<meta property=\"og:title\" content=\"Obs\u0142uga BHP - profesjonalna obs\u0142uga fim i instytucji.\" \/>\n<meta property=\"og:description\" content=\"Zajmujemy si\u0119 kompleksow\u0105 i profesjonaln\u0105 obs\u0142ug\u0105 firm w zakresie s\u0142u\u017cby BHP kliknij po wi\u0119cej informacji\" \/>\n<meta property=\"og:url\" content=\"https:\/\/adr-info.pl\/index.php\/obsluga-bhp\/\" \/>\n<meta property=\"og:site_name\" content=\"ADR-info\" \/>\n<meta property=\"article:modified_time\" content=\"2021-07-27T10:46:53+00:00\" \/>\n<meta property=\"og:image\" content=\"https:\/\/adr-info.pl\/wp-content\/uploads\/2016\/02\/42-300x189.jpg\" \/>\n<meta name=\"twitter:card\" content=\"summary_large_image\" \/>\n<meta name=\"twitter:label1\" content=\"Szacowany czas czytania\" \/>\n\t<meta name=\"twitter:data1\" content=\"1 minuta\" \/>\n<script type=\"application\/ld+json\" class=\"yoast-schema-graph\">{\"@context\":\"https:\/\/schema.org\",\"@graph\":[{\"@type\":\"WebPage\",\"@id\":\"https:\/\/adr-info.pl\/index.php\/obsluga-bhp\/\",\"url\":\"https:\/\/adr-info.pl\/index.php\/obsluga-bhp\/\",\"name\":\"Obs\u0142uga BHP - profesjonalna obs\u0142uga fim i instytucji.\",\"isPartOf\":{\"@id\":\"https:\/\/adr-info.pl\/#website\"},\"primaryImageOfPage\":{\"@id\":\"https:\/\/adr-info.pl\/index.php\/obsluga-bhp\/#primaryimage\"},\"image\":{\"@id\":\"https:\/\/adr-info.pl\/index.php\/obsluga-bhp\/#primaryimage\"},\"thumbnailUrl\":\"https:\/\/adr-info.pl\/wp-content\/uploads\/2016\/02\/42-300x189.jpg\",\"datePublished\":\"2016-02-12T08:13:33+00:00\",\"dateModified\":\"2021-07-27T10:46:53+00:00\",\"breadcrumb\":{\"@id\":\"https:\/\/adr-info.pl\/index.php\/obsluga-bhp\/#breadcrumb\"},\"inLanguage\":\"pl-PL\",\"potentialAction\":[{\"@type\":\"ReadAction\",\"target\":[\"https:\/\/adr-info.pl\/index.php\/obsluga-bhp\/\"]}]},{\"@type\":\"ImageObject\",\"inLanguage\":\"pl-PL\",\"@id\":\"https:\/\/adr-info.pl\/index.php\/obsluga-bhp\/#primaryimage\",\"url\":\"https:\/\/adr-info.pl\/wp-content\/uploads\/2016\/02\/42.jpg\",\"contentUrl\":\"https:\/\/adr-info.pl\/wp-content\/uploads\/2016\/02\/42.jpg\",\"width\":646,\"height\":408},{\"@type\":\"BreadcrumbList\",\"@id\":\"https:\/\/adr-info.pl\/index.php\/obsluga-bhp\/#breadcrumb\",\"itemListElement\":[{\"@type\":\"ListItem\",\"position\":1,\"name\":\"Strona g\u0142\u00f3wna\",\"item\":\"https:\/\/adr-info.pl\/\"},{\"@type\":\"ListItem\",\"position\":2,\"name\":\"Obs\u0142uga BHP\"}]},{\"@type\":\"WebSite\",\"@id\":\"https:\/\/adr-info.pl\/#website\",\"url\":\"https:\/\/adr-info.pl\/\",\"name\":\"ADR-info\",\"description\":\"doradztwo i szkolenia ADR i BHP\",\"publisher\":{\"@id\":\"https:\/\/adr-info.pl\/#organization\"},\"potentialAction\":[{\"@type\":\"SearchAction\",\"target\":{\"@type\":\"EntryPoint\",\"urlTemplate\":\"https:\/\/adr-info.pl\/?s={search_term_string}\"},\"query-input\":{\"@type\":\"PropertyValueSpecification\",\"valueRequired\":true,\"valueName\":\"search_term_string\"}}],\"inLanguage\":\"pl-PL\"},{\"@type\":\"Organization\",\"@id\":\"https:\/\/adr-info.pl\/#organization\",\"name\":\"ADR-info\",\"url\":\"https:\/\/adr-info.pl\/\",\"logo\":{\"@type\":\"ImageObject\",\"inLanguage\":\"pl-PL\",\"@id\":\"https:\/\/adr-info.pl\/#\/schema\/logo\/image\/\",\"url\":\"https:\/\/adr-info.pl\/wp-content\/uploads\/2017\/08\/logo-adr-info-v2.jpg\",\"contentUrl\":\"https:\/\/adr-info.pl\/wp-content\/uploads\/2017\/08\/logo-adr-info-v2.jpg\",\"width\":716,\"height\":716,\"caption\":\"ADR-info\"},\"image\":{\"@id\":\"https:\/\/adr-info.pl\/#\/schema\/logo\/image\/\"}}]}<\/script>\n<!-- \/ Yoast SEO plugin. -->","yoast_head_json":{"title":"Obs\u0142uga BHP - profesjonalna obs\u0142uga fim i instytucji.","robots":{"index":"index","follow":"follow","max-snippet":"max-snippet:-1","max-image-preview":"max-image-preview:large","max-video-preview":"max-video-preview:-1"},"canonical":"https:\/\/adr-info.pl\/index.php\/obsluga-bhp\/","og_locale":"pl_PL","og_type":"article","og_title":"Obs\u0142uga BHP - profesjonalna obs\u0142uga fim i instytucji.","og_description":"Zajmujemy si\u0119 kompleksow\u0105 i profesjonaln\u0105 obs\u0142ug\u0105 firm w zakresie s\u0142u\u017cby BHP kliknij po wi\u0119cej informacji","og_url":"https:\/\/adr-info.pl\/index.php\/obsluga-bhp\/","og_site_name":"ADR-info","article_modified_time":"2021-07-27T10:46:53+00:00","og_image":[{"url":"https:\/\/adr-info.pl\/wp-content\/uploads\/2016\/02\/42-300x189.jpg","type":"","width":"","height":""}],"twitter_card":"summary_large_image","twitter_misc":{"Szacowany czas czytania":"1 minuta"},"schema":{"@context":"https:\/\/schema.org","@graph":[{"@type":"WebPage","@id":"https:\/\/adr-info.pl\/index.php\/obsluga-bhp\/","url":"https:\/\/adr-info.pl\/index.php\/obsluga-bhp\/","name":"Obs\u0142uga BHP - profesjonalna obs\u0142uga fim i instytucji.","isPartOf":{"@id":"https:\/\/adr-info.pl\/#website"},"primaryImageOfPage":{"@id":"https:\/\/adr-info.pl\/index.php\/obsluga-bhp\/#primaryimage"},"image":{"@id":"https:\/\/adr-info.pl\/index.php\/obsluga-bhp\/#primaryimage"},"thumbnailUrl":"https:\/\/adr-info.pl\/wp-content\/uploads\/2016\/02\/42-300x189.jpg","datePublished":"2016-02-12T08:13:33+00:00","dateModified":"2021-07-27T10:46:53+00:00","breadcrumb":{"@id":"https:\/\/adr-info.pl\/index.php\/obsluga-bhp\/#breadcrumb"},"inLanguage":"pl-PL","potentialAction":[{"@type":"ReadAction","target":["https:\/\/adr-info.pl\/index.php\/obsluga-bhp\/"]}]},{"@type":"ImageObject","inLanguage":"pl-PL","@id":"https:\/\/adr-info.pl\/index.php\/obsluga-bhp\/#primaryimage","url":"https:\/\/adr-info.pl\/wp-content\/uploads\/2016\/02\/42.jpg","contentUrl":"https:\/\/adr-info.pl\/wp-content\/uploads\/2016\/02\/42.jpg","width":646,"height":408},{"@type":"BreadcrumbList","@id":"https:\/\/adr-info.pl\/index.php\/obsluga-bhp\/#breadcrumb","itemListElement":[{"@type":"ListItem","position":1,"name":"Strona g\u0142\u00f3wna","item":"https:\/\/adr-info.pl\/"},{"@type":"ListItem","position":2,"name":"Obs\u0142uga BHP"}]},{"@type":"WebSite","@id":"https:\/\/adr-info.pl\/#website","url":"https:\/\/adr-info.pl\/","name":"ADR-info","description":"doradztwo i szkolenia ADR i BHP","publisher":{"@id":"https:\/\/adr-info.pl\/#organization"},"potentialAction":[{"@type":"SearchAction","target":{"@type":"EntryPoint","urlTemplate":"https:\/\/adr-info.pl\/?s={search_term_string}"},"query-input":{"@type":"PropertyValueSpecification","valueRequired":true,"valueName":"search_term_string"}}],"inLanguage":"pl-PL"},{"@type":"Organization","@id":"https:\/\/adr-info.pl\/#organization","name":"ADR-info","url":"https:\/\/adr-info.pl\/","logo":{"@type":"ImageObject","inLanguage":"pl-PL","@id":"https:\/\/adr-info.pl\/#\/schema\/logo\/image\/","url":"https:\/\/adr-info.pl\/wp-content\/uploads\/2017\/08\/logo-adr-info-v2.jpg","contentUrl":"https:\/\/adr-info.pl\/wp-content\/uploads\/2017\/08\/logo-adr-info-v2.jpg","width":716,"height":716,"caption":"ADR-info"},"image":{"@id":"https:\/\/adr-info.pl\/#\/schema\/logo\/image\/"}}]}},"_links":{"self":[{"href":"https:\/\/adr-info.pl\/index.php\/wp-json\/wp\/v2\/pages\/26","targetHints":{"allow":["GET"]}}],"collection":[{"href":"https:\/\/adr-info.pl\/index.php\/wp-json\/wp\/v2\/pages"}],"about":[{"href":"https:\/\/adr-info.pl\/index.php\/wp-json\/wp\/v2\/types\/page"}],"author":[{"embeddable":true,"href":"https:\/\/adr-info.pl\/index.php\/wp-json\/wp\/v2\/users\/1"}],"replies":[{"embeddable":true,"href":"https:\/\/adr-info.pl\/index.php\/wp-json\/wp\/v2\/comments?post=26"}],"version-history":[{"count":16,"href":"https:\/\/adr-info.pl\/index.php\/wp-json\/wp\/v2\/pages\/26\/revisions"}],"predecessor-version":[{"id":1726,"href":"https:\/\/adr-info.pl\/index.php\/wp-json\/wp\/v2\/pages\/26\/revisions\/1726"}],"wp:attachment":[{"href":"https:\/\/adr-info.pl\/index.php\/wp-json\/wp\/v2\/media?parent=26"}],"curies":[{"name":"wp","href":"https:\/\/api.w.org\/{rel}","templated":true}]}}